{"id":1923,"date":"2025-06-13T10:17:52","date_gmt":"2025-06-13T10:17:52","guid":{"rendered":"https:\/\/olizliving.dk\/?post_type=product&#038;p=1923"},"modified":"2026-02-15T10:41:16","modified_gmt":"2026-02-15T10:41:16","slug":"pynte-pude-rosa-velour","status":"publish","type":"product","link":"https:\/\/olizliving.dk\/index.php\/vare\/pynte-pude-rosa-velour\/","title":{"rendered":"Pynte Pude Rosa Velour"},"content":{"rendered":"<div class=\"fusion-fullwidth fullwidth-box fusion-builder-row-1 fusion-flex-container has-pattern-background has-mask-background nonhundred-percent-fullwidth non-hundred-percent-height-scrolling\" style=\"--awb-border-radius-top-left:0px;--awb-border-radius-top-right:0px;--awb-border-radius-bottom-right:0px;--awb-border-radius-bottom-left:0px;--awb-flex-wrap:wrap;\" ><div class=\"fusion-builder-row fusion-row fusion-flex-align-items-center fusion-flex-justify-content-space-evenly fusion-flex-content-wrap\" style=\"max-width:1248px;margin-left: calc(-4% \/ 2 );margin-right: calc(-4% \/ 2 );\"><div class=\"fusion-layout-column fusion_builder_column fusion-builder-column-0 fusion_builder_column_5_6 5_6 fusion-flex-column\" style=\"--awb-bg-size:cover;--awb-width-large:83.333333333333%;--awb-margin-top-large:0px;--awb-spacing-right-large:2.304%;--awb-margin-bottom-large:20px;--awb-spacing-left-large:2.304%;--awb-width-medium:83.333333333333%;--awb-order-medium:0;--awb-spacing-right-medium:2.304%;--awb-spacing-left-medium:2.304%;--awb-width-small:100%;--awb-order-small:0;--awb-spacing-right-small:1.92%;--awb-spacing-left-small:1.92%;\"><div class=\"fusion-column-wrapper fusion-column-has-shadow fusion-flex-justify-content-flex-start fusion-content-layout-column\"><div class=\"fusion-text fusion-text-1\"><p><strong>V\u00e6lg dit pudefyld<\/strong>\u00a0\u2013 skal det v\u00e6re vat eller fjer? Vat giver en stabil og formfast pude, mens fjer giver en ekstra bl\u00f8d og luksuri\u00f8s fornemmelse.<br \/>\nRosa velour pynte pude med en m\u00f8rk piping kant, som kan live en trist og gr\u00e5 dag op. Passer eminent til sofaen, eller pynt dit senget\u00e6ppe op med et mix af denne og nogle af de andre sk\u00f8nne puder fra OlizLiving. St\u00f8rrelsen er 50x50cm.<\/p>\n<p>Puden indeni er i naturfjer fra dansk leverand\u00f8r. V\u00e6r opm\u00e6rksom p\u00e5 at fjer kan vandre ved brugen af puden.<\/p>\n<p>Pudebetr\u00e6kket kan vaskes p\u00e5 sk\u00e5nevask 30 gr. h\u00e6nget\u00f8rre- 100% polyester<\/p>\n<p>Syet i Danmark.<\/p>\n<\/div><\/div><\/div><\/div><\/div>\n","protected":false},"excerpt":{"rendered":"<p>Rosa velour pynte pude med en m\u00f8rk piping kant, som kan live en trist og gr\u00e5 dag op.<\/p>\n","protected":false},"featured_media":2042,"template":"","meta":[],"product_brand":[],"product_cat":[77],"product_tag":[80],"class_list":{"0":"post-1923","1":"product","2":"type-product","3":"status-publish","4":"has-post-thumbnail","6":"product_cat-design-puder","7":"product_tag-design-puder","9":"first","10":"instock","11":"taxable","12":"shipping-taxable","13":"purchasable","14":"product-type-variable"},"yoast_head":"<!-- This site is optimized with the Yoast SEO plugin v27.4 - https:\/\/yoast.com\/product\/yoast-seo-wordpress\/ -->\n<title>Pynte Pude Rosa Velour 50x50 cm. - Oliz Living<\/title>\n<meta name=\"description\" content=\"Smuk rosa velourpude med kontrastfuld m\u00f8rk piping-kant (50x50 cm) og naturfjerfyld. Perfekt som pynt til sofa eller seng.\" \/>\n<meta name=\"robots\" content=\"index, follow, max-snippet:-1, max-image-preview:large, max-video-preview:-1\" \/>\n<link rel=\"canonical\" href=\"https:\/\/olizliving.dk\/index.php\/vare\/pynte-pude-rosa-velour\/\" \/>\n<meta property=\"og:locale\" content=\"da_DK\" \/>\n<meta property=\"og:type\" content=\"article\" \/>\n<meta property=\"og:title\" content=\"Pynte Pude Rosa Velour 50x50 cm. - Oliz Living\" \/>\n<meta property=\"og:description\" content=\"Smuk rosa velourpude med kontrastfuld m\u00f8rk piping-kant (50x50 cm) og naturfjerfyld. Perfekt som pynt til sofa eller seng.\" \/>\n<meta property=\"og:url\" content=\"https:\/\/olizliving.dk\/index.php\/vare\/pynte-pude-rosa-velour\/\" \/>\n<meta property=\"og:site_name\" content=\"Oliz Living\" \/>\n<meta property=\"article:publisher\" content=\"https:\/\/www.facebook.com\/profile.php?id=61557136366113\" \/>\n<meta property=\"article:modified_time\" content=\"2026-02-15T10:41:16+00:00\" \/>\n<meta property=\"og:image\" content=\"https:\/\/olizliving.dk\/wp-content\/uploads\/2025\/06\/50x50-rosa-velour-1.png\" \/>\n\t<meta property=\"og:image:width\" content=\"1000\" \/>\n\t<meta property=\"og:image:height\" content=\"1000\" \/>\n\t<meta property=\"og:image:type\" content=\"image\/png\" \/>\n<meta name=\"twitter:card\" content=\"summary_large_image\" \/>\n<meta name=\"twitter:label1\" content=\"Estimeret l\u00e6setid\" \/>\n\t<meta name=\"twitter:data1\" content=\"1 minut\" \/>\n<script type=\"application\/ld+json\" class=\"yoast-schema-graph\">{\"@context\":\"https:\\\/\\\/schema.org\",\"@graph\":[{\"@type\":\"WebPage\",\"@id\":\"https:\\\/\\\/olizliving.dk\\\/index.php\\\/vare\\\/pynte-pude-rosa-velour\\\/\",\"url\":\"https:\\\/\\\/olizliving.dk\\\/index.php\\\/vare\\\/pynte-pude-rosa-velour\\\/\",\"name\":\"Pynte Pude Rosa Velour 50x50 cm. - Oliz Living\",\"isPartOf\":{\"@id\":\"https:\\\/\\\/olizliving.dk\\\/#website\"},\"primaryImageOfPage\":{\"@id\":\"https:\\\/\\\/olizliving.dk\\\/index.php\\\/vare\\\/pynte-pude-rosa-velour\\\/#primaryimage\"},\"image\":{\"@id\":\"https:\\\/\\\/olizliving.dk\\\/index.php\\\/vare\\\/pynte-pude-rosa-velour\\\/#primaryimage\"},\"thumbnailUrl\":\"https:\\\/\\\/olizliving.dk\\\/wp-content\\\/uploads\\\/2025\\\/06\\\/50x50-rosa-velour-1.png\",\"datePublished\":\"2025-06-13T10:17:52+00:00\",\"dateModified\":\"2026-02-15T10:41:16+00:00\",\"description\":\"Smuk rosa velourpude med kontrastfuld m\u00f8rk piping-kant (50x50 cm) og naturfjerfyld. Perfekt som pynt til sofa eller seng.\",\"breadcrumb\":{\"@id\":\"https:\\\/\\\/olizliving.dk\\\/index.php\\\/vare\\\/pynte-pude-rosa-velour\\\/#breadcrumb\"},\"inLanguage\":\"da-DK\",\"potentialAction\":[{\"@type\":\"ReadAction\",\"target\":[\"https:\\\/\\\/olizliving.dk\\\/index.php\\\/vare\\\/pynte-pude-rosa-velour\\\/\"]}]},{\"@type\":\"ImageObject\",\"inLanguage\":\"da-DK\",\"@id\":\"https:\\\/\\\/olizliving.dk\\\/index.php\\\/vare\\\/pynte-pude-rosa-velour\\\/#primaryimage\",\"url\":\"https:\\\/\\\/olizliving.dk\\\/wp-content\\\/uploads\\\/2025\\\/06\\\/50x50-rosa-velour-1.png\",\"contentUrl\":\"https:\\\/\\\/olizliving.dk\\\/wp-content\\\/uploads\\\/2025\\\/06\\\/50x50-rosa-velour-1.png\",\"width\":1000,\"height\":1000},{\"@type\":\"BreadcrumbList\",\"@id\":\"https:\\\/\\\/olizliving.dk\\\/index.php\\\/vare\\\/pynte-pude-rosa-velour\\\/#breadcrumb\",\"itemListElement\":[{\"@type\":\"ListItem\",\"position\":1,\"name\":\"Hjem\",\"item\":\"https:\\\/\\\/olizliving.dk\\\/\"},{\"@type\":\"ListItem\",\"position\":2,\"name\":\"Naturudsmykning &#038; Interi\u00f8r\",\"item\":\"https:\\\/\\\/olizliving.dk\\\/index.php\\\/juleudsmykning\\\/\"},{\"@type\":\"ListItem\",\"position\":3,\"name\":\"Pynte Pude Rosa Velour\"}]},{\"@type\":\"WebSite\",\"@id\":\"https:\\\/\\\/olizliving.dk\\\/#website\",\"url\":\"https:\\\/\\\/olizliving.dk\\\/\",\"name\":\"Oliz Living - Producent af Unikke Interi\u00f8r Produkteter\",\"description\":\"Unikke Puder, Puffer og Julepynt\",\"publisher\":{\"@id\":\"https:\\\/\\\/olizliving.dk\\\/#organization\"},\"alternateName\":\"Oliz Living - Unikke Interi\u00f8r Produkteter\",\"potentialAction\":[{\"@type\":\"SearchAction\",\"target\":{\"@type\":\"EntryPoint\",\"urlTemplate\":\"https:\\\/\\\/olizliving.dk\\\/?s={search_term_string}\"},\"query-input\":{\"@type\":\"PropertyValueSpecification\",\"valueRequired\":true,\"valueName\":\"search_term_string\"}}],\"inLanguage\":\"da-DK\"},{\"@type\":\"Organization\",\"@id\":\"https:\\\/\\\/olizliving.dk\\\/#organization\",\"name\":\"Oliz Living - Producent af Unikke Interi\u00f8r Produkteter\",\"alternateName\":\"Oliz Living - Unikke Interi\u00f8r Produkteter\",\"url\":\"https:\\\/\\\/olizliving.dk\\\/\",\"logo\":{\"@type\":\"ImageObject\",\"inLanguage\":\"da-DK\",\"@id\":\"https:\\\/\\\/olizliving.dk\\\/#\\\/schema\\\/logo\\\/image\\\/\",\"url\":\"https:\\\/\\\/olizliving.dk\\\/wp-content\\\/uploads\\\/2024\\\/08\\\/oliz-living-logo.png\",\"contentUrl\":\"https:\\\/\\\/olizliving.dk\\\/wp-content\\\/uploads\\\/2024\\\/08\\\/oliz-living-logo.png\",\"width\":452,\"height\":500,\"caption\":\"Oliz Living - Producent af Unikke Interi\u00f8r Produkteter\"},\"image\":{\"@id\":\"https:\\\/\\\/olizliving.dk\\\/#\\\/schema\\\/logo\\\/image\\\/\"},\"sameAs\":[\"https:\\\/\\\/www.facebook.com\\\/profile.php?id=61557136366113\"]}]}<\/script>\n<!-- \/ Yoast SEO plugin. -->","yoast_head_json":{"title":"Pynte Pude Rosa Velour 50x50 cm. - Oliz Living","description":"Smuk rosa velourpude med kontrastfuld m\u00f8rk piping-kant (50x50 cm) og naturfjerfyld. Perfekt som pynt til sofa eller seng.","robots":{"index":"index","follow":"follow","max-snippet":"max-snippet:-1","max-image-preview":"max-image-preview:large","max-video-preview":"max-video-preview:-1"},"canonical":"https:\/\/olizliving.dk\/index.php\/vare\/pynte-pude-rosa-velour\/","og_locale":"da_DK","og_type":"article","og_title":"Pynte Pude Rosa Velour 50x50 cm. - Oliz Living","og_description":"Smuk rosa velourpude med kontrastfuld m\u00f8rk piping-kant (50x50 cm) og naturfjerfyld. Perfekt som pynt til sofa eller seng.","og_url":"https:\/\/olizliving.dk\/index.php\/vare\/pynte-pude-rosa-velour\/","og_site_name":"Oliz Living","article_publisher":"https:\/\/www.facebook.com\/profile.php?id=61557136366113","article_modified_time":"2026-02-15T10:41:16+00:00","og_image":[{"width":1000,"height":1000,"url":"https:\/\/olizliving.dk\/wp-content\/uploads\/2025\/06\/50x50-rosa-velour-1.png","type":"image\/png"}],"twitter_card":"summary_large_image","twitter_misc":{"Estimeret l\u00e6setid":"1 minut"},"schema":{"@context":"https:\/\/schema.org","@graph":[{"@type":"WebPage","@id":"https:\/\/olizliving.dk\/index.php\/vare\/pynte-pude-rosa-velour\/","url":"https:\/\/olizliving.dk\/index.php\/vare\/pynte-pude-rosa-velour\/","name":"Pynte Pude Rosa Velour 50x50 cm. - Oliz Living","isPartOf":{"@id":"https:\/\/olizliving.dk\/#website"},"primaryImageOfPage":{"@id":"https:\/\/olizliving.dk\/index.php\/vare\/pynte-pude-rosa-velour\/#primaryimage"},"image":{"@id":"https:\/\/olizliving.dk\/index.php\/vare\/pynte-pude-rosa-velour\/#primaryimage"},"thumbnailUrl":"https:\/\/olizliving.dk\/wp-content\/uploads\/2025\/06\/50x50-rosa-velour-1.png","datePublished":"2025-06-13T10:17:52+00:00","dateModified":"2026-02-15T10:41:16+00:00","description":"Smuk rosa velourpude med kontrastfuld m\u00f8rk piping-kant (50x50 cm) og naturfjerfyld. Perfekt som pynt til sofa eller seng.","breadcrumb":{"@id":"https:\/\/olizliving.dk\/index.php\/vare\/pynte-pude-rosa-velour\/#breadcrumb"},"inLanguage":"da-DK","potentialAction":[{"@type":"ReadAction","target":["https:\/\/olizliving.dk\/index.php\/vare\/pynte-pude-rosa-velour\/"]}]},{"@type":"ImageObject","inLanguage":"da-DK","@id":"https:\/\/olizliving.dk\/index.php\/vare\/pynte-pude-rosa-velour\/#primaryimage","url":"https:\/\/olizliving.dk\/wp-content\/uploads\/2025\/06\/50x50-rosa-velour-1.png","contentUrl":"https:\/\/olizliving.dk\/wp-content\/uploads\/2025\/06\/50x50-rosa-velour-1.png","width":1000,"height":1000},{"@type":"BreadcrumbList","@id":"https:\/\/olizliving.dk\/index.php\/vare\/pynte-pude-rosa-velour\/#breadcrumb","itemListElement":[{"@type":"ListItem","position":1,"name":"Hjem","item":"https:\/\/olizliving.dk\/"},{"@type":"ListItem","position":2,"name":"Naturudsmykning &#038; Interi\u00f8r","item":"https:\/\/olizliving.dk\/index.php\/juleudsmykning\/"},{"@type":"ListItem","position":3,"name":"Pynte Pude Rosa Velour"}]},{"@type":"WebSite","@id":"https:\/\/olizliving.dk\/#website","url":"https:\/\/olizliving.dk\/","name":"Oliz Living - Producent af Unikke Interi\u00f8r Produkteter","description":"Unikke Puder, Puffer og Julepynt","publisher":{"@id":"https:\/\/olizliving.dk\/#organization"},"alternateName":"Oliz Living - Unikke Interi\u00f8r Produkteter","potentialAction":[{"@type":"SearchAction","target":{"@type":"EntryPoint","urlTemplate":"https:\/\/olizliving.dk\/?s={search_term_string}"},"query-input":{"@type":"PropertyValueSpecification","valueRequired":true,"valueName":"search_term_string"}}],"inLanguage":"da-DK"},{"@type":"Organization","@id":"https:\/\/olizliving.dk\/#organization","name":"Oliz Living - Producent af Unikke Interi\u00f8r Produkteter","alternateName":"Oliz Living - Unikke Interi\u00f8r Produkteter","url":"https:\/\/olizliving.dk\/","logo":{"@type":"ImageObject","inLanguage":"da-DK","@id":"https:\/\/olizliving.dk\/#\/schema\/logo\/image\/","url":"https:\/\/olizliving.dk\/wp-content\/uploads\/2024\/08\/oliz-living-logo.png","contentUrl":"https:\/\/olizliving.dk\/wp-content\/uploads\/2024\/08\/oliz-living-logo.png","width":452,"height":500,"caption":"Oliz Living - Producent af Unikke Interi\u00f8r Produkteter"},"image":{"@id":"https:\/\/olizliving.dk\/#\/schema\/logo\/image\/"},"sameAs":["https:\/\/www.facebook.com\/profile.php?id=61557136366113"]}]}},"jetpack_sharing_enabled":true,"_links":{"self":[{"href":"https:\/\/olizliving.dk\/index.php\/wp-json\/wp\/v2\/product\/1923","targetHints":{"allow":["GET"]}}],"collection":[{"href":"https:\/\/olizliving.dk\/index.php\/wp-json\/wp\/v2\/product"}],"about":[{"href":"https:\/\/olizliving.dk\/index.php\/wp-json\/wp\/v2\/types\/product"}],"wp:featuredmedia":[{"embeddable":true,"href":"https:\/\/olizliving.dk\/index.php\/wp-json\/wp\/v2\/media\/2042"}],"wp:attachment":[{"href":"https:\/\/olizliving.dk\/index.php\/wp-json\/wp\/v2\/media?parent=1923"}],"wp:term":[{"taxonomy":"product_brand","embeddable":true,"href":"https:\/\/olizliving.dk\/index.php\/wp-json\/wp\/v2\/product_brand?post=1923"},{"taxonomy":"product_cat","embeddable":true,"href":"https:\/\/olizliving.dk\/index.php\/wp-json\/wp\/v2\/product_cat?post=1923"},{"taxonomy":"product_tag","embeddable":true,"href":"https:\/\/olizliving.dk\/index.php\/wp-json\/wp\/v2\/product_tag?post=1923"}],"curies":[{"name":"wp","href":"https:\/\/api.w.org\/{rel}","templated":true}]}}