{"id":1117,"date":"2023-04-14T16:08:46","date_gmt":"2023-04-14T16:08:46","guid":{"rendered":"https:\/\/olizliving.dk\/?page_id=30"},"modified":"2025-12-19T09:58:01","modified_gmt":"2025-12-19T09:58:01","slug":"sikkerbetaling","status":"publish","type":"page","link":"https:\/\/olizliving.dk\/index.php\/sikkerbetaling\/","title":{"rendered":"Sikker Betaling n\u00e5r du k\u00f8ber dit Interi\u00f8r"},"content":{"rendered":"<p><div class=\"fusion-fullwidth fullwidth-box fusion-builder-row-1 fusion-flex-container has-pattern-background has-mask-background fusion-parallax-none nonhundred-percent-fullwidth non-hundred-percent-height-scrolling lazyload fusion-animated\" style=\"--awb-border-radius-top-left:0px;--awb-border-radius-top-right:0px;--awb-border-radius-bottom-right:0px;--awb-border-radius-bottom-left:0px;--awb-padding-top:9vw;--awb-padding-bottom:9vw;--awb-padding-top-small:20vw;--awb-padding-bottom-small:17vw;--awb-background-color:var(--awb-color6);--awb-background-image:linear-gradient(180deg, hsla(var(--awb-color7-h),var(--awb-color7-s),var(--awb-color7-l),calc(var(--awb-color7-a) - 85%)) 0%,hsla(var(--awb-color7-h),var(--awb-color7-s),var(--awb-color7-l),calc(var(--awb-color7-a) - 55%)) 100%);;--awb-background-size:cover;--awb-flex-wrap:wrap;--awb-animation-color:var(--awb-color7);\" data-bg=\"https:\/\/olizliving.dk\/wp-content\/uploads\/2024\/06\/Olizliving-forside.jpg\" data-bg-gradient=\"linear-gradient(180deg, hsla(var(--awb-color7-h),var(--awb-color7-s),var(--awb-color7-l),calc(var(--awb-color7-a) - 85%)) 0%,hsla(var(--awb-color7-h),var(--awb-color7-s),var(--awb-color7-l),calc(var(--awb-color7-a) - 55%)) 100%)\" data-animationType=\"revealInLeft\" data-animationDuration=\"1.3\" data-animationOffset=\"top-into-view\" ><div class=\"fusion-builder-row fusion-row fusion-flex-align-items-stretch fusion-flex-justify-content-center fusion-flex-content-wrap\" style=\"max-width:calc( 1200px + 0px );margin-left: calc(-0px \/ 2 );margin-right: calc(-0px \/ 2 );\"><div class=\"fusion-layout-column fusion_builder_column fusion-builder-column-0 fusion-flex-column fusion-animated\" style=\"--awb-bg-size:cover;--awb-width-large:77.24%;--awb-margin-top-large:0px;--awb-spacing-right-large:0px;--awb-margin-bottom-large:0px;--awb-spacing-left-large:0px;--awb-width-medium:77.24%;--awb-order-medium:0;--awb-spacing-right-medium:0px;--awb-spacing-left-medium:0px;--awb-width-small:100%;--awb-order-small:0;--awb-spacing-right-small:0px;--awb-spacing-left-small:0px;\" data-animationType=\"fadeInUp\" data-animationDuration=\"1.3\" data-animationDelay=\"1.0\" data-animationOffset=\"top-into-view\"><div class=\"fusion-column-wrapper fusion-column-has-shadow fusion-flex-justify-content-flex-start fusion-content-layout-column\"><div class=\"fusion-title title fusion-title-1 fusion-no-small-visibility fusion-sep-none fusion-title-center fusion-title-text fusion-title-size-one\" style=\"--awb-text-color:rgba(255,255,255,0.49);--awb-margin-top:0px;--awb-margin-bottom:0px;--awb-margin-top-small:10px;--awb-margin-right-small:0px;--awb-margin-bottom-small:10px;--awb-margin-left-small:0px;\"><h1 class=\"fusion-title-heading title-heading-center\" style=\"margin:0;\">Sikker Betaling<\/h1><\/div><div class=\"fusion-title title fusion-title-2 fusion-no-medium-visibility fusion-no-large-visibility fusion-sep-none fusion-title-center fusion-title-text fusion-title-size-one\" style=\"--awb-text-color:rgba(255,255,255,0.51);--awb-margin-bottom:60px;--awb-margin-top-small:10px;--awb-margin-right-small:0px;--awb-margin-bottom-small:30px;--awb-margin-left-small:0px;--awb-font-size:40px;\"><h1 class=\"fusion-title-heading title-heading-center\" style=\"margin:0;font-size:1em;line-height:52px;\">Sikker Betaling<\/h1><\/div><\/div><\/div><\/div><\/div><div class=\"fusion-fullwidth fullwidth-box fusion-builder-row-2 fusion-flex-container has-pattern-background has-mask-background nonhundred-percent-fullwidth non-hundred-percent-height-scrolling\" style=\"--awb-border-radius-top-left:0px;--awb-border-radius-top-right:0px;--awb-border-radius-bottom-right:0px;--awb-border-radius-bottom-left:0px;--awb-padding-top:120px;--awb-padding-bottom:120px;--awb-padding-top-medium:80px;--awb-padding-bottom-medium:80px;--awb-padding-bottom-small:0px;--awb-flex-wrap:wrap;\" ><div class=\"fusion-builder-row fusion-row fusion-flex-align-items-flex-start fusion-flex-justify-content-center fusion-flex-content-wrap\" style=\"max-width:calc( 1200px + 90px );margin-left: calc(-90px \/ 2 );margin-right: calc(-90px \/ 2 );\"><div class=\"fusion-layout-column fusion_builder_column fusion-builder-column-1 awb-sticky awb-sticky-medium awb-sticky-large fusion-flex-column fusion-animated\" style=\"--awb-bg-size:cover;--awb-width-large:45%;--awb-margin-top-large:0px;--awb-spacing-right-large:45px;--awb-margin-bottom-large:0px;--awb-spacing-left-large:45px;--awb-width-medium:45%;--awb-order-medium:0;--awb-spacing-right-medium:45px;--awb-spacing-left-medium:45px;--awb-width-small:100%;--awb-order-small:0;--awb-spacing-right-small:45px;--awb-margin-bottom-small:76px;--awb-spacing-left-small:45px;--awb-sticky-offset:120px;\" data-animationType=\"fadeInUp\" data-animationDuration=\"1.3\" data-animationOffset=\"top-into-view\"><div class=\"fusion-column-wrapper fusion-column-has-shadow fusion-flex-justify-content-flex-start fusion-content-layout-column\"><div class=\"fusion-title title fusion-title-3 fusion-sep-none fusion-title-text fusion-title-size-three\" style=\"--awb-margin-top-small:10px;--awb-margin-right-small:0px;--awb-margin-bottom-small:10px;--awb-margin-left-small:0px;--awb-font-size:34px;\"><h3 class=\"fusion-title-heading title-heading-left\" style=\"margin:0;font-size:1em;line-height:48px;\">Har du sp\u00f8rgsm\u00e5l!<\/h3><\/div><div class=\"fusion-text fusion-text-1 fusion-text-no-margin\" style=\"--awb-margin-right:10%;--awb-margin-bottom:30px;\"><p>Har du sp\u00f8rgsm\u00e5l vedr. betaling kan du altid kontakte os her.<\/p>\n<\/div><div ><a class=\"fusion-button button-flat fusion-button-default-size button-custom fusion-button-default button-1 fusion-button-default-span fusion-button-default-type\" style=\"--button_accent_color:var(--awb-color1);--button_accent_hover_color:var(--awb-color1);--button_border_hover_color:var(--awb-color1);--button_gradient_top_color:var(--awb-custom_color_2);--button_gradient_bottom_color:var(--awb-custom_color_2);--button_gradient_top_color_hover:hsla(var(--awb-color5-h),calc(var(--awb-color5-s) - 5%),calc(var(--awb-color5-l) - 10%),var(--awb-color5-a));--button_gradient_bottom_color_hover:hsla(var(--awb-color5-h),calc(var(--awb-color5-s) - 5%),calc(var(--awb-color5-l) - 10%),var(--awb-color5-a));\" target=\"_self\" href=\"https:\/\/olizliving.dk\/index.php\/kontakt-os\/\"><i class=\"fa-arrow-right fas awb-button__icon awb-button__icon--default button-icon-left\" aria-hidden=\"true\"><\/i><span class=\"fusion-button-text awb-button__text awb-button__text--default\">Kontakt os her<\/span><\/a><\/div><\/div><\/div><div class=\"fusion-layout-column fusion_builder_column fusion-builder-column-2 fusion-flex-column\" style=\"--awb-bg-position:center center;--awb-bg-size:cover;--awb-width-large:55%;--awb-margin-top-large:0px;--awb-spacing-right-large:45px;--awb-margin-bottom-large:0px;--awb-spacing-left-large:45px;--awb-width-medium:55%;--awb-order-medium:0;--awb-spacing-right-medium:45px;--awb-spacing-left-medium:45px;--awb-width-small:100%;--awb-order-small:0;--awb-spacing-right-small:45px;--awb-spacing-left-small:45px;\"><div class=\"fusion-column-wrapper fusion-column-has-shadow fusion-flex-justify-content-flex-start fusion-content-layout-column\"><div class=\"fusion-text fusion-text-2\"><p><strong>Sikker betaling<\/strong><br \/>\nI vores netbutik har du mange muligheder for at betale dine vare k\u00f8b, du enten forudbetale med Dankort, Visa\/Dankort, MasterCard, Mobilpay Online, afbetale din vare k\u00f8b med Viabill eller lave en bankoverf\u00f8relse p\u00e5 Oliz LIVINGs konto ved at bruge vores IBAN nummer. P\u00e5 denne side kan du l\u00e6se om, hvordan du g\u00f8r, n\u00e5r du \u00f8nsker at betale med kort.<\/p>\n<p><strong>S\u00e5dan g\u00f8r du<\/strong><br \/>\nL\u00e6g de varer du vil bestille i indk\u00f8bskurven og tryk \u201cTil kassen\u201d. Derefter bliver du bedt om at indtaste navn, adresse, telefonnummer m.m. Indtast oplysningerne og tryk p\u00e5 \u201cN\u00e6ste side\u201d.<\/p>\n<p>Ved betalingsform v\u00e6lger du kreditkort.<\/p>\n<p>Du kommer nu automatisk over p\u00e5 vores betalings-server (SSL-server \u2013 Secure Socket Layer), hvor du bliver bedt om at indtaste dit kortnummer samt udl\u00f8bsdato. Kortnummeret, som st\u00e5r p\u00e5 forsiden af kortet, indtastes uden mellemrum. Eksempel: kortnr. 4500 0000 0000 0000 skal tastes 4500000000000000.<\/p>\n<p>Udl\u00f8bsdatoen finder du ogs\u00e5 p\u00e5 forsiden af kortet. Denne indtastes i de to \u201cgyldig til\u201d felter.<\/p>\n<p>Herefter sendes disse informationer krypteret\/kodet til NETS, hvor kortets gyldighed kontrolleres.<\/p>\n<p>Du skal v\u00e6re opm\u00e6rksom p\u00e5, at transaktionen kan tage op til 30 sekunder, og du m\u00e5 derfor IKKE lukke browseren.<\/p>\n<p>N\u00e5r dit kort er blevet kontrolleret hos NETS, modtager vi information om, hvorvidt transaktionen kunne godkendes eller ej.<br \/>\nKan transaktionen godkendes af NETS, vises det bel\u00f8b, der tr\u00e6kkes p\u00e5 din konto, hvorefter du kan udskrive en ordrebekr\u00e6ftelse.<\/p>\n<p>Kan transaktionen ikke godkendes af NETS, vises en side, hvorp\u00e5 du kan v\u00e6lge imellem at pr\u00f8ve igen, eller at annullere ordren (intet h\u00e6ves p\u00e5 kortet og ordren slettes).<\/p>\n<p><strong>Sikkerheden ved betaling<\/strong><br \/>\nN\u00e5r du betaler med kort i vores netbutik, bliver alle dine indtastede kortdata krypteret\/kodet, n\u00e5r de videresendes til NETS \u2013 dette betyder at ingen kan \u201copsnappe\u201d dine indtastede kortdata. Til disse transaktioner benytter vi en NETS-godkendt SSL-l\u00f8sning (SSL = Secure Socket Layer) til at kryptere\/kode dine indtastede kortdata. Kryptering med SSL benyttes i langt de fleste danske netbutikker.<\/p>\n<p><strong>Mit kort bliver afvist<\/strong><br \/>\nBliver dit kort afvist, kan du v\u00e6lge at pr\u00f8ve igen eller annulere ordren. Afvises kortet gentagne gange, kan du kontakte os eller evt. dit pengeinstitut.<\/p>\n<p><strong>Hvorn\u00e5r tr\u00e6kkes pengene?<\/strong><br \/>\nI henhold til g\u00e6ldende regler for betalingskort p\u00e5 internet tr\u00e6kkes pengene f\u00f8rst fra din konto, n\u00e5r vi sender pakken fra os.<\/p>\n<p><strong>Fejl og problemer ved betaling<\/strong><br \/>\nOpst\u00e5r der nogen form for problemer, er du velkommen til at kontakte os p\u00e5 th@oliz.dk ligesom du er meget velkommen til at ringe p\u00e5 tlf. 60 38 37 00.<\/p>\n<\/div><\/div><\/div><\/div><\/div><div class=\"fusion-fullwidth fullwidth-box fusion-builder-row-3 fusion-flex-container has-pattern-background has-mask-background fusion-parallax-none nonhundred-percent-fullwidth non-hundred-percent-height-scrolling lazyload fusion-animated\" style=\"--awb-border-radius-top-left:0px;--awb-border-radius-top-right:0px;--awb-border-radius-bottom-right:0px;--awb-border-radius-bottom-left:0px;--awb-padding-top:9vw;--awb-padding-bottom:9vw;--awb-background-color:var(--awb-color6);--awb-background-image:linear-gradient(180deg, hsla(var(--awb-color7-h),var(--awb-color7-s),var(--awb-color7-l),calc(var(--awb-color7-a) - 65%)) 0%,hsla(var(--awb-color7-h),var(--awb-color7-s),var(--awb-color7-l),calc(var(--awb-color7-a) - 35%)) 100%);;--awb-background-size:cover;--awb-flex-wrap:wrap;--awb-animation-color:var(--awb-color7);\" data-bg=\"https:\/\/olizliving.dk\/wp-content\/uploads\/2023\/10\/eksklusiv-julepynt-2024.jpg\" data-bg-gradient=\"linear-gradient(180deg, hsla(var(--awb-color7-h),var(--awb-color7-s),var(--awb-color7-l),calc(var(--awb-color7-a) - 65%)) 0%,hsla(var(--awb-color7-h),var(--awb-color7-s),var(--awb-color7-l),calc(var(--awb-color7-a) - 35%)) 100%)\" data-animationType=\"revealInLeft\" data-animationDuration=\"1.3\" data-animationOffset=\"top-into-view\" ><div class=\"fusion-builder-row fusion-row fusion-flex-align-items-stretch fusion-flex-justify-content-center fusion-flex-content-wrap\" style=\"max-width:calc( 1200px + 0px );margin-left: calc(-0px \/ 2 );margin-right: calc(-0px \/ 2 );\"><div class=\"fusion-layout-column fusion_builder_column fusion-builder-column-3 fusion_builder_column_3_4 3_4 fusion-flex-column\" style=\"--awb-bg-size:cover;--awb-width-large:75%;--awb-margin-top-large:0px;--awb-spacing-right-large:0px;--awb-margin-bottom-large:0px;--awb-spacing-left-large:0px;--awb-width-medium:75%;--awb-order-medium:0;--awb-spacing-right-medium:0px;--awb-spacing-left-medium:0px;--awb-width-small:100%;--awb-order-small:0;--awb-spacing-right-small:0px;--awb-spacing-left-small:0px;\" data-motion-effects=\"[{&quot;type&quot;:&quot;scroll&quot;,&quot;scroll_type&quot;:&quot;transition&quot;,&quot;scroll_direction&quot;:&quot;up&quot;,&quot;transition_speed&quot;:&quot;1.0&quot;,&quot;fade_type&quot;:&quot;in&quot;,&quot;scale_type&quot;:&quot;up&quot;,&quot;initial_scale&quot;:&quot;1&quot;,&quot;max_scale&quot;:&quot;1.5&quot;,&quot;min_scale&quot;:&quot;0.5&quot;,&quot;initial_rotate&quot;:&quot;0&quot;,&quot;end_rotate&quot;:&quot;30&quot;,&quot;initial_blur&quot;:&quot;0&quot;,&quot;end_blur&quot;:&quot;3&quot;,&quot;start_element&quot;:&quot;top&quot;,&quot;start_viewport&quot;:&quot;bottom&quot;,&quot;end_element&quot;:&quot;bottom&quot;,&quot;end_viewport&quot;:&quot;top&quot;,&quot;mouse_effect&quot;:&quot;track&quot;,&quot;mouse_effect_direction&quot;:&quot;opposite&quot;,&quot;mouse_effect_speed&quot;:&quot;2&quot;,&quot;infinite_animation&quot;:&quot;float&quot;,&quot;infinite_animation_speed&quot;:&quot;2&quot;}]\" data-scroll-devices=\"small-visibility,medium-visibility,large-visibility\"><div class=\"fusion-column-wrapper fusion-column-has-shadow fusion-flex-justify-content-flex-start fusion-content-layout-column\"><div class=\"fusion-title title fusion-title-4 fusion-sep-none fusion-title-center fusion-title-text fusion-title-size-div\" style=\"--awb-text-color:var(--awb-color5);--awb-margin-bottom:0px;--awb-margin-top-small:10px;--awb-margin-right-small:0px;--awb-margin-bottom-small:-40px;--awb-margin-left-small:0px;--awb-font-size:170px;\"><div class=\"fusion-title-heading title-heading-center title-heading-tag\" style=\"font-family:var(--awb-typography1-font-family);font-weight:var(--awb-typography1-font-weight);font-style:var(--awb-typography1-font-style);margin:0;letter-spacing:var(--awb-typography1-letter-spacing);text-transform:var(--awb-typography1-text-transform);font-size:1em;line-height:0.8;\">\u201c<\/div><\/div><div class=\"fusion-title title fusion-title-5 fusion-no-medium-visibility fusion-no-large-visibility fusion-sep-none fusion-title-center fusion-title-text fusion-title-size-one\" style=\"--awb-text-color:rgba(255,255,255,0.51);--awb-margin-bottom:60px;--awb-margin-top-small:10px;--awb-margin-right-small:0px;--awb-margin-bottom-small:30px;--awb-margin-left-small:0px;--awb-font-size:40px;\"><h1 class=\"fusion-title-heading title-heading-center\" style=\"margin:0;font-size:1em;line-height:52px;\">Sikker Betaling<\/h1><\/div><div class=\"fusion-title title fusion-title-6 fusion-no-small-visibility fusion-sep-none fusion-title-center fusion-title-text fusion-title-size-one\" style=\"--awb-text-color:rgba(255,255,255,0.49);--awb-margin-top:0px;--awb-margin-bottom:0px;--awb-margin-top-small:10px;--awb-margin-right-small:0px;--awb-margin-bottom-small:10px;--awb-margin-left-small:0px;\"><h1 class=\"fusion-title-heading title-heading-center\" style=\"margin:0;\">Sikker Betaling<\/h1><\/div><div class=\"fusion-title title fusion-title-7 fusion-sep-none fusion-title-center fusion-title-text fusion-title-size-five\" style=\"--awb-text-color:var(--awb-color1);--awb-margin-top:0px;--awb-margin-bottom:30px;--awb-margin-top-small:10px;--awb-margin-right-small:0px;--awb-margin-bottom-small:10px;--awb-margin-left-small:0px;\"><h5 class=\"fusion-title-heading title-heading-center\" style=\"margin:0;text-transform:none;\"><\/h5><\/div><div class=\"fusion-title title fusion-title-8 fusion-sep-none fusion-title-center fusion-title-text fusion-title-size-div\" style=\"--awb-text-color:var(--awb-color2);--awb-margin-bottom:0px;--awb-margin-top-small:10px;--awb-margin-right-small:0px;--awb-margin-bottom-small:10px;--awb-margin-left-small:0px;--awb-font-size:var(--awb-typography2-font-size);\"><div class=\"fusion-title-heading title-heading-center title-heading-tag\" style=\"font-family:var(--awb-typography2-font-family);font-weight:var(--awb-typography2-font-weight);font-style:var(--awb-typography2-font-style);margin:0;letter-spacing:var(--awb-typography2-letter-spacing);text-transform:var(--awb-typography2-text-transform);font-size:1em;line-height:var(--awb-typography2-line-height);\"><\/div><\/div><\/div><\/div><\/div><\/div><\/p>\n","protected":false},"excerpt":{"rendered":"","protected":false},"author":1,"featured_media":0,"parent":0,"menu_order":0,"comment_status":"closed","ping_status":"closed","template":"100-width.php","meta":{"footnotes":""},"class_list":["post-1117","page","type-page","status-publish","hentry"],"yoast_head":"<!-- This site is optimized with the Yoast SEO plugin v27.4 - https:\/\/yoast.com\/product\/yoast-seo-wordpress\/ -->\n<title>Sikker Betaling n\u00e5r du k\u00f8ber dit Interi\u00f8r hos os | Oliz Living<\/title>\n<meta name=\"description\" content=\"L\u00e6r om Sikker Betaling i vores netbutik og hvordan du kan betale med Dankort, Visa og MasterCard.\" \/>\n<meta name=\"robots\" content=\"index, follow, max-snippet:-1, max-image-preview:large, max-video-preview:-1\" \/>\n<link rel=\"canonical\" href=\"https:\/\/olizliving.dk\/index.php\/sikkerbetaling\/\" \/>\n<meta property=\"og:locale\" content=\"da_DK\" \/>\n<meta property=\"og:type\" content=\"article\" \/>\n<meta property=\"og:title\" content=\"Sikker Betaling n\u00e5r du k\u00f8ber dit Interi\u00f8r hos os | Oliz Living\" \/>\n<meta property=\"og:description\" content=\"L\u00e6r om Sikker Betaling i vores netbutik og hvordan du kan betale med Dankort, Visa og MasterCard.\" \/>\n<meta property=\"og:url\" content=\"https:\/\/olizliving.dk\/index.php\/sikkerbetaling\/\" \/>\n<meta property=\"og:site_name\" content=\"Oliz Living\" \/>\n<meta property=\"article:publisher\" content=\"https:\/\/www.facebook.com\/profile.php?id=61557136366113\" \/>\n<meta property=\"article:modified_time\" content=\"2025-12-19T09:58:01+00:00\" \/>\n<meta property=\"og:image\" content=\"https:\/\/olizliving.dk\/wp-content\/uploads\/2025\/10\/Oliz-Living-1200x-675-p.png\" \/>\n\t<meta property=\"og:image:width\" content=\"1200\" \/>\n\t<meta property=\"og:image:height\" content=\"675\" \/>\n\t<meta property=\"og:image:type\" content=\"image\/png\" \/>\n<meta name=\"twitter:card\" content=\"summary_large_image\" \/>\n<meta name=\"twitter:label1\" content=\"Estimeret l\u00e6setid\" \/>\n\t<meta name=\"twitter:data1\" content=\"3 minutter\" \/>\n<script type=\"application\/ld+json\" class=\"yoast-schema-graph\">{\"@context\":\"https:\\\/\\\/schema.org\",\"@graph\":[{\"@type\":\"WebPage\",\"@id\":\"https:\\\/\\\/olizliving.dk\\\/index.php\\\/sikkerbetaling\\\/\",\"url\":\"https:\\\/\\\/olizliving.dk\\\/index.php\\\/sikkerbetaling\\\/\",\"name\":\"Sikker Betaling n\u00e5r du k\u00f8ber dit Interi\u00f8r hos os | Oliz Living\",\"isPartOf\":{\"@id\":\"https:\\\/\\\/olizliving.dk\\\/#website\"},\"datePublished\":\"2023-04-14T16:08:46+00:00\",\"dateModified\":\"2025-12-19T09:58:01+00:00\",\"description\":\"L\u00e6r om Sikker Betaling i vores netbutik og hvordan du kan betale med Dankort, Visa og MasterCard.\",\"breadcrumb\":{\"@id\":\"https:\\\/\\\/olizliving.dk\\\/index.php\\\/sikkerbetaling\\\/#breadcrumb\"},\"inLanguage\":\"da-DK\",\"potentialAction\":[{\"@type\":\"ReadAction\",\"target\":[\"https:\\\/\\\/olizliving.dk\\\/index.php\\\/sikkerbetaling\\\/\"]}]},{\"@type\":\"BreadcrumbList\",\"@id\":\"https:\\\/\\\/olizliving.dk\\\/index.php\\\/sikkerbetaling\\\/#breadcrumb\",\"itemListElement\":[{\"@type\":\"ListItem\",\"position\":1,\"name\":\"Hjem\",\"item\":\"https:\\\/\\\/olizliving.dk\\\/\"},{\"@type\":\"ListItem\",\"position\":2,\"name\":\"Sikker Betaling n\u00e5r du k\u00f8ber dit Interi\u00f8r\"}]},{\"@type\":\"WebSite\",\"@id\":\"https:\\\/\\\/olizliving.dk\\\/#website\",\"url\":\"https:\\\/\\\/olizliving.dk\\\/\",\"name\":\"Oliz Living - Producent af Unikke Interi\u00f8r Produkteter\",\"description\":\"Unikke Puder, Puffer og Julepynt\",\"publisher\":{\"@id\":\"https:\\\/\\\/olizliving.dk\\\/#organization\"},\"alternateName\":\"Oliz Living - Unikke Interi\u00f8r Produkteter\",\"potentialAction\":[{\"@type\":\"SearchAction\",\"target\":{\"@type\":\"EntryPoint\",\"urlTemplate\":\"https:\\\/\\\/olizliving.dk\\\/?s={search_term_string}\"},\"query-input\":{\"@type\":\"PropertyValueSpecification\",\"valueRequired\":true,\"valueName\":\"search_term_string\"}}],\"inLanguage\":\"da-DK\"},{\"@type\":\"Organization\",\"@id\":\"https:\\\/\\\/olizliving.dk\\\/#organization\",\"name\":\"Oliz Living - Producent af Unikke Interi\u00f8r Produkteter\",\"alternateName\":\"Oliz Living - Unikke Interi\u00f8r Produkteter\",\"url\":\"https:\\\/\\\/olizliving.dk\\\/\",\"logo\":{\"@type\":\"ImageObject\",\"inLanguage\":\"da-DK\",\"@id\":\"https:\\\/\\\/olizliving.dk\\\/#\\\/schema\\\/logo\\\/image\\\/\",\"url\":\"https:\\\/\\\/olizliving.dk\\\/wp-content\\\/uploads\\\/2024\\\/08\\\/oliz-living-logo.png\",\"contentUrl\":\"https:\\\/\\\/olizliving.dk\\\/wp-content\\\/uploads\\\/2024\\\/08\\\/oliz-living-logo.png\",\"width\":452,\"height\":500,\"caption\":\"Oliz Living - Producent af Unikke Interi\u00f8r Produkteter\"},\"image\":{\"@id\":\"https:\\\/\\\/olizliving.dk\\\/#\\\/schema\\\/logo\\\/image\\\/\"},\"sameAs\":[\"https:\\\/\\\/www.facebook.com\\\/profile.php?id=61557136366113\"]}]}<\/script>\n<!-- \/ Yoast SEO plugin. -->","yoast_head_json":{"title":"Sikker Betaling n\u00e5r du k\u00f8ber dit Interi\u00f8r hos os | Oliz Living","description":"L\u00e6r om Sikker Betaling i vores netbutik og hvordan du kan betale med Dankort, Visa og MasterCard.","robots":{"index":"index","follow":"follow","max-snippet":"max-snippet:-1","max-image-preview":"max-image-preview:large","max-video-preview":"max-video-preview:-1"},"canonical":"https:\/\/olizliving.dk\/index.php\/sikkerbetaling\/","og_locale":"da_DK","og_type":"article","og_title":"Sikker Betaling n\u00e5r du k\u00f8ber dit Interi\u00f8r hos os | Oliz Living","og_description":"L\u00e6r om Sikker Betaling i vores netbutik og hvordan du kan betale med Dankort, Visa og MasterCard.","og_url":"https:\/\/olizliving.dk\/index.php\/sikkerbetaling\/","og_site_name":"Oliz Living","article_publisher":"https:\/\/www.facebook.com\/profile.php?id=61557136366113","article_modified_time":"2025-12-19T09:58:01+00:00","og_image":[{"width":1200,"height":675,"url":"https:\/\/olizliving.dk\/wp-content\/uploads\/2025\/10\/Oliz-Living-1200x-675-p.png","type":"image\/png"}],"twitter_card":"summary_large_image","twitter_misc":{"Estimeret l\u00e6setid":"3 minutter"},"schema":{"@context":"https:\/\/schema.org","@graph":[{"@type":"WebPage","@id":"https:\/\/olizliving.dk\/index.php\/sikkerbetaling\/","url":"https:\/\/olizliving.dk\/index.php\/sikkerbetaling\/","name":"Sikker Betaling n\u00e5r du k\u00f8ber dit Interi\u00f8r hos os | Oliz Living","isPartOf":{"@id":"https:\/\/olizliving.dk\/#website"},"datePublished":"2023-04-14T16:08:46+00:00","dateModified":"2025-12-19T09:58:01+00:00","description":"L\u00e6r om Sikker Betaling i vores netbutik og hvordan du kan betale med Dankort, Visa og MasterCard.","breadcrumb":{"@id":"https:\/\/olizliving.dk\/index.php\/sikkerbetaling\/#breadcrumb"},"inLanguage":"da-DK","potentialAction":[{"@type":"ReadAction","target":["https:\/\/olizliving.dk\/index.php\/sikkerbetaling\/"]}]},{"@type":"BreadcrumbList","@id":"https:\/\/olizliving.dk\/index.php\/sikkerbetaling\/#breadcrumb","itemListElement":[{"@type":"ListItem","position":1,"name":"Hjem","item":"https:\/\/olizliving.dk\/"},{"@type":"ListItem","position":2,"name":"Sikker Betaling n\u00e5r du k\u00f8ber dit Interi\u00f8r"}]},{"@type":"WebSite","@id":"https:\/\/olizliving.dk\/#website","url":"https:\/\/olizliving.dk\/","name":"Oliz Living - Producent af Unikke Interi\u00f8r Produkteter","description":"Unikke Puder, Puffer og Julepynt","publisher":{"@id":"https:\/\/olizliving.dk\/#organization"},"alternateName":"Oliz Living - Unikke Interi\u00f8r Produkteter","potentialAction":[{"@type":"SearchAction","target":{"@type":"EntryPoint","urlTemplate":"https:\/\/olizliving.dk\/?s={search_term_string}"},"query-input":{"@type":"PropertyValueSpecification","valueRequired":true,"valueName":"search_term_string"}}],"inLanguage":"da-DK"},{"@type":"Organization","@id":"https:\/\/olizliving.dk\/#organization","name":"Oliz Living - Producent af Unikke Interi\u00f8r Produkteter","alternateName":"Oliz Living - Unikke Interi\u00f8r Produkteter","url":"https:\/\/olizliving.dk\/","logo":{"@type":"ImageObject","inLanguage":"da-DK","@id":"https:\/\/olizliving.dk\/#\/schema\/logo\/image\/","url":"https:\/\/olizliving.dk\/wp-content\/uploads\/2024\/08\/oliz-living-logo.png","contentUrl":"https:\/\/olizliving.dk\/wp-content\/uploads\/2024\/08\/oliz-living-logo.png","width":452,"height":500,"caption":"Oliz Living - Producent af Unikke Interi\u00f8r Produkteter"},"image":{"@id":"https:\/\/olizliving.dk\/#\/schema\/logo\/image\/"},"sameAs":["https:\/\/www.facebook.com\/profile.php?id=61557136366113"]}]}},"jetpack_sharing_enabled":true,"_links":{"self":[{"href":"https:\/\/olizliving.dk\/index.php\/wp-json\/wp\/v2\/pages\/1117","targetHints":{"allow":["GET"]}}],"collection":[{"href":"https:\/\/olizliving.dk\/index.php\/wp-json\/wp\/v2\/pages"}],"about":[{"href":"https:\/\/olizliving.dk\/index.php\/wp-json\/wp\/v2\/types\/page"}],"author":[{"embeddable":true,"href":"https:\/\/olizliving.dk\/index.php\/wp-json\/wp\/v2\/users\/1"}],"replies":[{"embeddable":true,"href":"https:\/\/olizliving.dk\/index.php\/wp-json\/wp\/v2\/comments?post=1117"}],"version-history":[{"count":16,"href":"https:\/\/olizliving.dk\/index.php\/wp-json\/wp\/v2\/pages\/1117\/revisions"}],"predecessor-version":[{"id":2491,"href":"https:\/\/olizliving.dk\/index.php\/wp-json\/wp\/v2\/pages\/1117\/revisions\/2491"}],"wp:attachment":[{"href":"https:\/\/olizliving.dk\/index.php\/wp-json\/wp\/v2\/media?parent=1117"}],"curies":[{"name":"wp","href":"https:\/\/api.w.org\/{rel}","templated":true}]}}