{"id":1114,"date":"2025-12-14T13:06:04","date_gmt":"2025-12-14T13:06:04","guid":{"rendered":"https:\/\/olizliving.dk\/?page_id=24"},"modified":"2025-12-19T10:04:37","modified_gmt":"2025-12-19T10:04:37","slug":"om-oliz-living","status":"publish","type":"page","link":"https:\/\/olizliving.dk\/index.php\/om-oliz-living\/","title":{"rendered":"Oliz Living og Interi\u00f8r Hvem er vi?"},"content":{"rendered":"<p><div class=\"fusion-fullwidth fullwidth-box fusion-builder-row-1 fusion-flex-container has-pattern-background has-mask-background fusion-parallax-none nonhundred-percent-fullwidth non-hundred-percent-height-scrolling lazyload fusion-animated\" style=\"--awb-border-radius-top-left:0px;--awb-border-radius-top-right:0px;--awb-border-radius-bottom-right:0px;--awb-border-radius-bottom-left:0px;--awb-padding-top:9vw;--awb-padding-bottom:9vw;--awb-padding-top-small:20vw;--awb-padding-bottom-small:17vw;--awb-background-color:var(--awb-custom_color_1);--awb-background-image:linear-gradient(180deg, rgba(41,40,35,0.05) 0%,rgba(41,40,35,0.11) 100%);;--awb-background-size:cover;--awb-flex-wrap:wrap;--awb-animation-color:var(--awb-color7);\" data-bg=\"https:\/\/olizliving.dk\/wp-content\/uploads\/2025\/09\/Pyntepuder-til-hjemmet.jpg\" data-bg-gradient=\"linear-gradient(180deg, rgba(41,40,35,0.05) 0%,rgba(41,40,35,0.11) 100%)\" data-animationType=\"revealInLeft\" data-animationDuration=\"1.3\" data-animationOffset=\"top-into-view\" ><div class=\"fusion-builder-row fusion-row fusion-flex-align-items-stretch fusion-flex-justify-content-center fusion-flex-content-wrap\" style=\"max-width:calc( 1200px + 0px );margin-left: calc(-0px \/ 2 );margin-right: calc(-0px \/ 2 );\"><div class=\"fusion-layout-column fusion_builder_column fusion-builder-column-0 fusion-flex-column fusion-animated\" style=\"--awb-bg-size:cover;--awb-width-large:77.24%;--awb-margin-top-large:0px;--awb-spacing-right-large:0px;--awb-margin-bottom-large:0px;--awb-spacing-left-large:0px;--awb-width-medium:77.24%;--awb-order-medium:0;--awb-spacing-right-medium:0px;--awb-spacing-left-medium:0px;--awb-width-small:100%;--awb-order-small:0;--awb-spacing-right-small:0px;--awb-spacing-left-small:0px;\" data-animationType=\"fadeInUp\" data-animationDuration=\"1.3\" data-animationDelay=\"1.0\" data-animationOffset=\"top-into-view\"><div class=\"fusion-column-wrapper fusion-column-has-shadow fusion-flex-justify-content-flex-start fusion-content-layout-column\"><div class=\"fusion-title title fusion-title-1 fusion-no-small-visibility fusion-sep-none fusion-title-center fusion-title-text fusion-title-size-one\" style=\"--awb-text-color:rgba(255,255,255,0.55);--awb-margin-top:0px;--awb-margin-bottom:0px;--awb-margin-top-small:10px;--awb-margin-right-small:0px;--awb-margin-bottom-small:10px;--awb-margin-left-small:0px;\"><h1 class=\"fusion-title-heading title-heading-center\" style=\"margin:0;\">Om Oliz LIVING<\/h1><\/div><div class=\"fusion-title title fusion-title-2 fusion-no-medium-visibility fusion-no-large-visibility fusion-sep-none fusion-title-center fusion-title-text fusion-title-size-one\" style=\"--awb-text-color:rgba(255,255,255,0.53);--awb-margin-bottom:60px;--awb-margin-top-small:10px;--awb-margin-right-small:0px;--awb-margin-bottom-small:30px;--awb-margin-left-small:0px;--awb-font-size:40px;\"><h1 class=\"fusion-title-heading title-heading-center\" style=\"margin:0;font-size:1em;line-height:52px;\">Om Os<\/h1><\/div><\/div><\/div><\/div><\/div><div class=\"fusion-fullwidth fullwidth-box fusion-builder-row-2 fusion-flex-container has-pattern-background has-mask-background nonhundred-percent-fullwidth non-hundred-percent-height-scrolling\" style=\"--link_hover_color: var(--awb-color4);--link_color: var(--awb-color7);--awb-border-sizes-top:0px;--awb-border-sizes-bottom:0px;--awb-border-sizes-left:0px;--awb-border-sizes-right:0px;--awb-border-color:var(--awb-color2);--awb-border-radius-top-left:0px;--awb-border-radius-top-right:0px;--awb-border-radius-bottom-right:0px;--awb-border-radius-bottom-left:0px;--awb-padding-top:61px;--awb-padding-bottom:62px;--awb-padding-top-medium:100px;--awb-padding-top-small:75px;--awb-margin-top:0px;--awb-margin-bottom-small:0px;--awb-background-color:var(--awb-custom_color_1);--awb-flex-wrap:wrap;\" ><div class=\"fusion-builder-row fusion-row fusion-flex-align-items-center fusion-flex-content-wrap\" style=\"max-width:calc( 1200px + 120px );margin-left: calc(-120px \/ 2 );margin-right: calc(-120px \/ 2 );\"><div class=\"fusion-layout-column fusion_builder_column fusion-builder-column-1 fusion-flex-column fusion-flex-align-self-flex-start\" style=\"--awb-bg-size:cover;--awb-width-large:35%;--awb-margin-top-large:0px;--awb-spacing-right-large:calc( 0.074285714285714 * calc( 100% - 120px ) );--awb-margin-bottom-large:0px;--awb-spacing-left-large:60px;--awb-width-medium:60%;--awb-order-medium:0;--awb-spacing-right-medium:calc( 0.043333333333333 * calc( 100% - 120px ) );--awb-margin-bottom-medium:45px;--awb-spacing-left-medium:60px;--awb-width-small:100%;--awb-order-small:0;--awb-spacing-right-small:60px;--awb-margin-bottom-small:30px;--awb-spacing-left-small:60px;\" data-motion-effects=\"[{&quot;type&quot;:&quot;scroll&quot;,&quot;scroll_type&quot;:&quot;rotate&quot;,&quot;scroll_direction&quot;:&quot;up&quot;,&quot;transition_speed&quot;:&quot;1&quot;,&quot;fade_type&quot;:&quot;in&quot;,&quot;scale_type&quot;:&quot;up&quot;,&quot;initial_scale&quot;:&quot;1&quot;,&quot;max_scale&quot;:&quot;1.1&quot;,&quot;min_scale&quot;:&quot;0.5&quot;,&quot;initial_rotate&quot;:&quot;-1&quot;,&quot;end_rotate&quot;:&quot;1&quot;,&quot;initial_blur&quot;:&quot;0&quot;,&quot;end_blur&quot;:&quot;3&quot;,&quot;start_element&quot;:&quot;top&quot;,&quot;start_viewport&quot;:&quot;bottom&quot;,&quot;end_element&quot;:&quot;bottom&quot;,&quot;end_viewport&quot;:&quot;top&quot;,&quot;mouse_effect&quot;:&quot;track&quot;,&quot;mouse_effect_direction&quot;:&quot;opposite&quot;,&quot;mouse_effect_speed&quot;:&quot;2&quot;,&quot;infinite_animation&quot;:&quot;float&quot;,&quot;infinite_animation_speed&quot;:&quot;2&quot;},{&quot;type&quot;:&quot;scroll&quot;,&quot;scroll_type&quot;:&quot;transition&quot;,&quot;scroll_direction&quot;:&quot;up&quot;,&quot;transition_speed&quot;:&quot;1&quot;,&quot;fade_type&quot;:&quot;in&quot;,&quot;scale_type&quot;:&quot;up&quot;,&quot;initial_scale&quot;:&quot;1&quot;,&quot;max_scale&quot;:&quot;1.5&quot;,&quot;min_scale&quot;:&quot;0.5&quot;,&quot;initial_rotate&quot;:&quot;0&quot;,&quot;end_rotate&quot;:&quot;30&quot;,&quot;initial_blur&quot;:&quot;0&quot;,&quot;end_blur&quot;:&quot;3&quot;,&quot;start_element&quot;:&quot;top&quot;,&quot;start_viewport&quot;:&quot;bottom&quot;,&quot;end_element&quot;:&quot;bottom&quot;,&quot;end_viewport&quot;:&quot;top&quot;,&quot;mouse_effect&quot;:&quot;track&quot;,&quot;mouse_effect_direction&quot;:&quot;opposite&quot;,&quot;mouse_effect_speed&quot;:&quot;2&quot;,&quot;infinite_animation&quot;:&quot;float&quot;,&quot;infinite_animation_speed&quot;:&quot;2&quot;}]\" data-scroll-devices=\"medium-visibility,large-visibility\"><div class=\"fusion-column-wrapper fusion-column-has-shadow fusion-flex-justify-content-flex-start fusion-content-layout-column\"><div class=\"fusion-image-element \" style=\"--awb-aspect-ratio: 100 \/ 142;--awb-caption-overlay-color:var(--awb-color4);--awb-caption-title-font-family:var(--h2_typography-font-family);--awb-caption-title-font-weight:var(--h2_typography-font-weight);--awb-caption-title-font-style:var(--h2_typography-font-style);--awb-caption-title-size:var(--h2_typography-font-size);--awb-caption-title-transform:var(--h2_typography-text-transform);--awb-caption-title-line-height:var(--h2_typography-line-height);--awb-caption-title-letter-spacing:var(--h2_typography-letter-spacing);\"><span class=\" fusion-imageframe imageframe-none imageframe-1 hover-type-none has-aspect-ratio\"><img decoding=\"async\" width=\"2000\" height=\"2241\" title=\"Hvem-st\u00e5r-bag-OlizLiving\" src=\"https:\/\/olizliving.dk\/wp-content\/uploads\/2025\/09\/Hvem-staar-bag-OlizLiving.jpg\" data-orig-src=\"https:\/\/olizliving.dk\/wp-content\/uploads\/2025\/09\/Hvem-staar-bag-OlizLiving.jpg\" class=\"lazyload img-responsive wp-image-2341 img-with-aspect-ratio\" data-parent-fit=\"cover\" data-parent-container=\".fusion-image-element\" alt srcset=\"data:image\/svg+xml,%3Csvg%20xmlns%3D%27http%3A%2F%2Fwww.w3.org%2F2000%2Fsvg%27%20width%3D%272000%27%20height%3D%272241%27%20viewBox%3D%270%200%202000%202241%27%3E%3Crect%20width%3D%272000%27%20height%3D%272241%27%20fill-opacity%3D%220%22%2F%3E%3C%2Fsvg%3E\" data-srcset=\"https:\/\/olizliving.dk\/wp-content\/uploads\/2025\/09\/Hvem-staar-bag-OlizLiving-200x224.jpg 200w, https:\/\/olizliving.dk\/wp-content\/uploads\/2025\/09\/Hvem-staar-bag-OlizLiving-400x448.jpg 400w, https:\/\/olizliving.dk\/wp-content\/uploads\/2025\/09\/Hvem-staar-bag-OlizLiving-600x672.jpg 600w, https:\/\/olizliving.dk\/wp-content\/uploads\/2025\/09\/Hvem-staar-bag-OlizLiving-800x896.jpg 800w, https:\/\/olizliving.dk\/wp-content\/uploads\/2025\/09\/Hvem-staar-bag-OlizLiving-1200x1345.jpg 1200w, https:\/\/olizliving.dk\/wp-content\/uploads\/2025\/09\/Hvem-staar-bag-OlizLiving.jpg 2000w\" data-sizes=\"auto\" data-orig-sizes=\"(max-width: 640px) 100vw, 400px\" \/><\/span><\/div><\/div><\/div><div class=\"fusion-layout-column fusion_builder_column fusion-builder-column-2 fusion-flex-column\" style=\"--awb-bg-size:cover;--awb-width-large:65%;--awb-margin-top-large:0px;--awb-spacing-right-large:60px;--awb-margin-bottom-large:0px;--awb-spacing-left-large:calc( 0.021538461538462 * calc( 100% - 120px ) );--awb-width-medium:40%;--awb-order-medium:0;--awb-spacing-right-medium:60px;--awb-margin-bottom-medium:45px;--awb-spacing-left-medium:0px;--awb-width-small:100%;--awb-order-small:0;--awb-spacing-right-small:60px;--awb-spacing-left-small:60px;\" data-motion-effects=\"[{&quot;type&quot;:&quot;scroll&quot;,&quot;scroll_type&quot;:&quot;transition&quot;,&quot;scroll_direction&quot;:&quot;up&quot;,&quot;transition_speed&quot;:&quot;1&quot;,&quot;fade_type&quot;:&quot;in&quot;,&quot;scale_type&quot;:&quot;up&quot;,&quot;initial_scale&quot;:&quot;1&quot;,&quot;max_scale&quot;:&quot;1.5&quot;,&quot;min_scale&quot;:&quot;0.5&quot;,&quot;initial_rotate&quot;:&quot;0&quot;,&quot;end_rotate&quot;:&quot;30&quot;,&quot;initial_blur&quot;:&quot;0&quot;,&quot;end_blur&quot;:&quot;3&quot;,&quot;start_element&quot;:&quot;top&quot;,&quot;start_viewport&quot;:&quot;bottom&quot;,&quot;end_element&quot;:&quot;bottom&quot;,&quot;end_viewport&quot;:&quot;top&quot;,&quot;mouse_effect&quot;:&quot;track&quot;,&quot;mouse_effect_direction&quot;:&quot;opposite&quot;,&quot;mouse_effect_speed&quot;:&quot;2&quot;,&quot;infinite_animation&quot;:&quot;float&quot;,&quot;infinite_animation_speed&quot;:&quot;2&quot;}]\" data-scroll-devices=\"medium-visibility,large-visibility\"><div class=\"fusion-column-wrapper fusion-column-has-shadow fusion-flex-justify-content-flex-start fusion-content-layout-column\"><div class=\"fusion-text fusion-text-1 fusion-text-no-margin\" style=\"--awb-margin-right:10%;--awb-margin-bottom:30px;\"><p>Oliz Living er skabt for at forene komfort, kvalitet og legende design i unikke interi\u00f8rprodukter.<br \/>\nVores univers handler ikke kun om farver og former, men ogs\u00e5 om at v\u00e6kke de taktile sanser gennem forskellige overflader og teksturer. Hvert produkt er skabt til at v\u00e6re lige s\u00e5 indbydende at r\u00f8re ved, som det er smukt at se p\u00e5.<\/p>\n<p>Den r\u00f8de tr\u00e5d er essentiel for os \u2013 derfor matcher puden i karry kr\u00f8l perfekt med b\u00e5de pingvinen og den runde puf. Hele vores sortiment af puder, puffer og pingviner er n\u00f8je afstemt for at skabe hygge, liv og harmoni i hjemmet.<\/p>\n<p>Med r\u00f8dder i tekstilbranchen og en passion for kreativitet og nyt\u00e6nkning udvikler vi kollektioner, der skiller sig ud. Hvert produkt er designet med k\u00e6rlighed, omtanke og sans for detaljen \u2013 altid med \u00f8nsket om at inspirere, overraske og bringe personlighed ind i hjemmet.<\/p>\n<p>Bag Oliz Living st\u00e5r Thomas og Majbritt Hillerup, der begge har en baggrund i tekstilindustrien. Med deres erfaring og kreative tilgang skaber de produkter, der b\u00e5de skiller sig ud og bringer et smil frem. Samtidig driver de Oliz\/Koko-Nora\u00ae, hvor de udvikler hj\u00e6lpemidler til mennesker med s\u00e6rlige behov \u2013 et udtryk for deres alsidighed og dedikation til at forbedre livskvaliteten for forskellige m\u00e5lgrupper.<\/p>\n<p>Oliz Living er mere end et interi\u00f8rbrand. Det er en oplevelse, hvor komfort, kvalitet og legesyge g\u00e5r h\u00e5nd i h\u00e5nd. Vores vision er at udvikle hjemmel\u00f8sninger, der ikke blot er funktionelle, men ogs\u00e5 skaber gl\u00e6de i hverdagen. Med et st\u00e6rkt fokus p\u00e5 kreativitet og nyt\u00e6nkning str\u00e6ber vi efter at blive et markant navn i interi\u00f8rbranchen \u2013 og vi gl\u00e6der os til at overraske med kommende kollektioner.<\/p>\n<\/div><\/div><\/div><\/div><\/div><\/p>\n","protected":false},"excerpt":{"rendered":"","protected":false},"author":1,"featured_media":0,"parent":0,"menu_order":0,"comment_status":"closed","ping_status":"closed","template":"100-width.php","meta":{"footnotes":""},"class_list":["post-1114","page","type-page","status-publish","hentry"],"yoast_head":"<!-- This site is optimized with the Yoast SEO plugin v27.4 - https:\/\/yoast.com\/product\/yoast-seo-wordpress\/ -->\n<title>Pynterpuder og unikke Interi\u00f8rprodukter til hjemmet Hvem er vi?<\/title>\n<meta name=\"description\" content=\"Oplev Pynterpuder og unikke Interi\u00f8rprodukter, der forener komfort og legende design for et stilfuldt hjem. Hvem er Oliz Living\" \/>\n<meta name=\"robots\" content=\"index, follow, max-snippet:-1, max-image-preview:large, max-video-preview:-1\" \/>\n<link rel=\"canonical\" href=\"https:\/\/olizliving.dk\/index.php\/om-oliz-living\/\" \/>\n<meta property=\"og:locale\" content=\"da_DK\" \/>\n<meta property=\"og:type\" content=\"article\" \/>\n<meta property=\"og:title\" content=\"Pynterpuder og unikke Interi\u00f8rprodukter til hjemmet Hvem er vi?\" \/>\n<meta property=\"og:description\" content=\"Oplev Pynterpuder og unikke Interi\u00f8rprodukter, der forener komfort og legende design for et stilfuldt hjem. Hvem er Oliz Living\" \/>\n<meta property=\"og:url\" content=\"https:\/\/olizliving.dk\/index.php\/om-oliz-living\/\" \/>\n<meta property=\"og:site_name\" content=\"Oliz Living\" \/>\n<meta property=\"article:publisher\" content=\"https:\/\/www.facebook.com\/profile.php?id=61557136366113\" \/>\n<meta property=\"article:modified_time\" content=\"2025-12-19T10:04:37+00:00\" \/>\n<meta property=\"og:image\" content=\"https:\/\/olizliving.dk\/wp-content\/uploads\/2025\/10\/Oliz-Living-1200x-675-p.png\" \/>\n\t<meta property=\"og:image:width\" content=\"1200\" \/>\n\t<meta property=\"og:image:height\" content=\"675\" \/>\n\t<meta property=\"og:image:type\" content=\"image\/png\" \/>\n<meta name=\"twitter:card\" content=\"summary_large_image\" \/>\n<meta name=\"twitter:label1\" content=\"Estimeret l\u00e6setid\" \/>\n\t<meta name=\"twitter:data1\" content=\"2 minutter\" \/>\n<script type=\"application\/ld+json\" class=\"yoast-schema-graph\">{\"@context\":\"https:\\\/\\\/schema.org\",\"@graph\":[{\"@type\":\"WebPage\",\"@id\":\"https:\\\/\\\/olizliving.dk\\\/index.php\\\/om-oliz-living\\\/\",\"url\":\"https:\\\/\\\/olizliving.dk\\\/index.php\\\/om-oliz-living\\\/\",\"name\":\"Pynterpuder og unikke Interi\u00f8rprodukter til hjemmet Hvem er vi?\",\"isPartOf\":{\"@id\":\"https:\\\/\\\/olizliving.dk\\\/#website\"},\"datePublished\":\"2025-12-14T13:06:04+00:00\",\"dateModified\":\"2025-12-19T10:04:37+00:00\",\"description\":\"Oplev Pynterpuder og unikke Interi\u00f8rprodukter, der forener komfort og legende design for et stilfuldt hjem. Hvem er Oliz Living\",\"breadcrumb\":{\"@id\":\"https:\\\/\\\/olizliving.dk\\\/index.php\\\/om-oliz-living\\\/#breadcrumb\"},\"inLanguage\":\"da-DK\",\"potentialAction\":[{\"@type\":\"ReadAction\",\"target\":[\"https:\\\/\\\/olizliving.dk\\\/index.php\\\/om-oliz-living\\\/\"]}]},{\"@type\":\"BreadcrumbList\",\"@id\":\"https:\\\/\\\/olizliving.dk\\\/index.php\\\/om-oliz-living\\\/#breadcrumb\",\"itemListElement\":[{\"@type\":\"ListItem\",\"position\":1,\"name\":\"Hjem\",\"item\":\"https:\\\/\\\/olizliving.dk\\\/\"},{\"@type\":\"ListItem\",\"position\":2,\"name\":\"Oliz Living og Interi\u00f8r Hvem er vi?\"}]},{\"@type\":\"WebSite\",\"@id\":\"https:\\\/\\\/olizliving.dk\\\/#website\",\"url\":\"https:\\\/\\\/olizliving.dk\\\/\",\"name\":\"Oliz Living - Producent af Unikke Interi\u00f8r Produkteter\",\"description\":\"Unikke Puder, Puffer og Julepynt\",\"publisher\":{\"@id\":\"https:\\\/\\\/olizliving.dk\\\/#organization\"},\"alternateName\":\"Oliz Living - Unikke Interi\u00f8r Produkteter\",\"potentialAction\":[{\"@type\":\"SearchAction\",\"target\":{\"@type\":\"EntryPoint\",\"urlTemplate\":\"https:\\\/\\\/olizliving.dk\\\/?s={search_term_string}\"},\"query-input\":{\"@type\":\"PropertyValueSpecification\",\"valueRequired\":true,\"valueName\":\"search_term_string\"}}],\"inLanguage\":\"da-DK\"},{\"@type\":\"Organization\",\"@id\":\"https:\\\/\\\/olizliving.dk\\\/#organization\",\"name\":\"Oliz Living - Producent af Unikke Interi\u00f8r Produkteter\",\"alternateName\":\"Oliz Living - Unikke Interi\u00f8r Produkteter\",\"url\":\"https:\\\/\\\/olizliving.dk\\\/\",\"logo\":{\"@type\":\"ImageObject\",\"inLanguage\":\"da-DK\",\"@id\":\"https:\\\/\\\/olizliving.dk\\\/#\\\/schema\\\/logo\\\/image\\\/\",\"url\":\"https:\\\/\\\/olizliving.dk\\\/wp-content\\\/uploads\\\/2024\\\/08\\\/oliz-living-logo.png\",\"contentUrl\":\"https:\\\/\\\/olizliving.dk\\\/wp-content\\\/uploads\\\/2024\\\/08\\\/oliz-living-logo.png\",\"width\":452,\"height\":500,\"caption\":\"Oliz Living - Producent af Unikke Interi\u00f8r Produkteter\"},\"image\":{\"@id\":\"https:\\\/\\\/olizliving.dk\\\/#\\\/schema\\\/logo\\\/image\\\/\"},\"sameAs\":[\"https:\\\/\\\/www.facebook.com\\\/profile.php?id=61557136366113\"]}]}<\/script>\n<!-- \/ Yoast SEO plugin. -->","yoast_head_json":{"title":"Pynterpuder og unikke Interi\u00f8rprodukter til hjemmet Hvem er vi?","description":"Oplev Pynterpuder og unikke Interi\u00f8rprodukter, der forener komfort og legende design for et stilfuldt hjem. Hvem er Oliz Living","robots":{"index":"index","follow":"follow","max-snippet":"max-snippet:-1","max-image-preview":"max-image-preview:large","max-video-preview":"max-video-preview:-1"},"canonical":"https:\/\/olizliving.dk\/index.php\/om-oliz-living\/","og_locale":"da_DK","og_type":"article","og_title":"Pynterpuder og unikke Interi\u00f8rprodukter til hjemmet Hvem er vi?","og_description":"Oplev Pynterpuder og unikke Interi\u00f8rprodukter, der forener komfort og legende design for et stilfuldt hjem. Hvem er Oliz Living","og_url":"https:\/\/olizliving.dk\/index.php\/om-oliz-living\/","og_site_name":"Oliz Living","article_publisher":"https:\/\/www.facebook.com\/profile.php?id=61557136366113","article_modified_time":"2025-12-19T10:04:37+00:00","og_image":[{"width":1200,"height":675,"url":"https:\/\/olizliving.dk\/wp-content\/uploads\/2025\/10\/Oliz-Living-1200x-675-p.png","type":"image\/png"}],"twitter_card":"summary_large_image","twitter_misc":{"Estimeret l\u00e6setid":"2 minutter"},"schema":{"@context":"https:\/\/schema.org","@graph":[{"@type":"WebPage","@id":"https:\/\/olizliving.dk\/index.php\/om-oliz-living\/","url":"https:\/\/olizliving.dk\/index.php\/om-oliz-living\/","name":"Pynterpuder og unikke Interi\u00f8rprodukter til hjemmet Hvem er vi?","isPartOf":{"@id":"https:\/\/olizliving.dk\/#website"},"datePublished":"2025-12-14T13:06:04+00:00","dateModified":"2025-12-19T10:04:37+00:00","description":"Oplev Pynterpuder og unikke Interi\u00f8rprodukter, der forener komfort og legende design for et stilfuldt hjem. Hvem er Oliz Living","breadcrumb":{"@id":"https:\/\/olizliving.dk\/index.php\/om-oliz-living\/#breadcrumb"},"inLanguage":"da-DK","potentialAction":[{"@type":"ReadAction","target":["https:\/\/olizliving.dk\/index.php\/om-oliz-living\/"]}]},{"@type":"BreadcrumbList","@id":"https:\/\/olizliving.dk\/index.php\/om-oliz-living\/#breadcrumb","itemListElement":[{"@type":"ListItem","position":1,"name":"Hjem","item":"https:\/\/olizliving.dk\/"},{"@type":"ListItem","position":2,"name":"Oliz Living og Interi\u00f8r Hvem er vi?"}]},{"@type":"WebSite","@id":"https:\/\/olizliving.dk\/#website","url":"https:\/\/olizliving.dk\/","name":"Oliz Living - Producent af Unikke Interi\u00f8r Produkteter","description":"Unikke Puder, Puffer og Julepynt","publisher":{"@id":"https:\/\/olizliving.dk\/#organization"},"alternateName":"Oliz Living - Unikke Interi\u00f8r Produkteter","potentialAction":[{"@type":"SearchAction","target":{"@type":"EntryPoint","urlTemplate":"https:\/\/olizliving.dk\/?s={search_term_string}"},"query-input":{"@type":"PropertyValueSpecification","valueRequired":true,"valueName":"search_term_string"}}],"inLanguage":"da-DK"},{"@type":"Organization","@id":"https:\/\/olizliving.dk\/#organization","name":"Oliz Living - Producent af Unikke Interi\u00f8r Produkteter","alternateName":"Oliz Living - Unikke Interi\u00f8r Produkteter","url":"https:\/\/olizliving.dk\/","logo":{"@type":"ImageObject","inLanguage":"da-DK","@id":"https:\/\/olizliving.dk\/#\/schema\/logo\/image\/","url":"https:\/\/olizliving.dk\/wp-content\/uploads\/2024\/08\/oliz-living-logo.png","contentUrl":"https:\/\/olizliving.dk\/wp-content\/uploads\/2024\/08\/oliz-living-logo.png","width":452,"height":500,"caption":"Oliz Living - Producent af Unikke Interi\u00f8r Produkteter"},"image":{"@id":"https:\/\/olizliving.dk\/#\/schema\/logo\/image\/"},"sameAs":["https:\/\/www.facebook.com\/profile.php?id=61557136366113"]}]}},"jetpack_sharing_enabled":true,"_links":{"self":[{"href":"https:\/\/olizliving.dk\/index.php\/wp-json\/wp\/v2\/pages\/1114","targetHints":{"allow":["GET"]}}],"collection":[{"href":"https:\/\/olizliving.dk\/index.php\/wp-json\/wp\/v2\/pages"}],"about":[{"href":"https:\/\/olizliving.dk\/index.php\/wp-json\/wp\/v2\/types\/page"}],"author":[{"embeddable":true,"href":"https:\/\/olizliving.dk\/index.php\/wp-json\/wp\/v2\/users\/1"}],"replies":[{"embeddable":true,"href":"https:\/\/olizliving.dk\/index.php\/wp-json\/wp\/v2\/comments?post=1114"}],"version-history":[{"count":16,"href":"https:\/\/olizliving.dk\/index.php\/wp-json\/wp\/v2\/pages\/1114\/revisions"}],"predecessor-version":[{"id":2489,"href":"https:\/\/olizliving.dk\/index.php\/wp-json\/wp\/v2\/pages\/1114\/revisions\/2489"}],"wp:attachment":[{"href":"https:\/\/olizliving.dk\/index.php\/wp-json\/wp\/v2\/media?parent=1114"}],"curies":[{"name":"wp","href":"https:\/\/api.w.org\/{rel}","templated":true}]}}